{"id":432,"date":"2021-10-17T15:08:33","date_gmt":"2021-10-17T15:08:33","guid":{"rendered":"http:\/\/morgadodeoutiz.pt\/?page_id=432"},"modified":"2021-10-17T15:16:03","modified_gmt":"2021-10-17T15:16:03","slug":"da-terra-as-nossas-frutas-e-os-nossos-legumes","status":"publish","type":"page","link":"https:\/\/morgadodeoutiz.pt\/?page_id=432","title":{"rendered":"Frutas e Legumes"},"content":{"rendered":"<p>Produzimos com todo o rigor e sem recurso a qu\u00edmicos,\u00a0 diversas frutas e legumes.<\/p>\n<p>N\u00e3o recorremos a estufas nem a outros meios que n\u00e3o os tradicionais. Apenas temos na \u00e9poca normal de acordo com o tempo e a esta\u00e7\u00e3o do ano.<\/p>\n<p>As sementes que usamos s\u00e3o seleccionadas e s\u00e3o tratadas com todo o carinho para que o resultado seja um sucesso<\/p>\n<p>Vendemos por encomenda e entregamos\u00a0 ou se preferir pode vir colher, escolher\u00a0 e levar.<\/p>\n<p>Envie-nos por favor uma mensagem para geral@morgadodeoutiz.pt e diga-nos o que necessita.<\/p>\n<p>Ajude-nos a manter a cultura tradicional!<\/p>\n<p><img loading=\"lazy\" decoding=\"async\" class=\"alignnone wp-image-299\" src=\"https:\/\/morgadodeoutiz.pt\/wp-content\/uploads\/2020\/06\/horta-300x150.jpg\" alt=\"\" width=\"566\" height=\"283\" srcset=\"https:\/\/morgadodeoutiz.pt\/wp-content\/uploads\/2020\/06\/horta-300x150.jpg 300w, https:\/\/morgadodeoutiz.pt\/wp-content\/uploads\/2020\/06\/horta-350x175.jpg 350w, https:\/\/morgadodeoutiz.pt\/wp-content\/uploads\/2020\/06\/horta.jpg 660w\" sizes=\"auto, (max-width: 566px) 100vw, 566px\" \/><\/p>\n<p>&nbsp;<\/p>\n","protected":false},"excerpt":{"rendered":"<p>Produzimos com todo o rigor e sem recurso a qu\u00edmicos,\u00a0 diversas frutas e legumes. N\u00e3o recorremos a estufas nem a outros meios que n\u00e3o os tradicionais. Apenas temos na \u00e9poca normal de acordo com o tempo e a esta\u00e7\u00e3o do ano. As sementes que usamos s\u00e3o seleccionadas e s\u00e3o tratadas com todo o carinho para &hellip; <\/p>\n<p class=\"link-more\"><a href=\"https:\/\/morgadodeoutiz.pt\/?page_id=432\" class=\"more-link\">Continuar a ler <span class=\"screen-reader-text\">&#8220;Frutas e Legumes&#8221;<\/span><\/a><\/p>\n","protected":false},"author":1,"featured_media":0,"parent":0,"menu_order":0,"comment_status":"closed","ping_status":"closed","template":"","meta":{"advgb_blocks_editor_width":"","advgb_blocks_columns_visual_guide":"","footnotes":""},"class_list":["post-432","page","type-page","status-publish","hentry"],"coauthors":[],"author_meta":{"author_link":"https:\/\/morgadodeoutiz.pt\/?author=1","display_name":"admin"},"relative_dates":{"created":"Posted 5 anos ago","modified":"Updated 5 anos ago"},"absolute_dates":{"created":"Posted on Outubro 17, 2021","modified":"Updated on Outubro 17, 2021"},"absolute_dates_time":{"created":"Posted on Outubro 17, 2021 3:08 pm","modified":"Updated on Outubro 17, 2021 3:16 pm"},"featured_img_caption":"","featured_img":false,"series_order":"","_links":{"self":[{"href":"https:\/\/morgadodeoutiz.pt\/index.php?rest_route=\/wp\/v2\/pages\/432","targetHints":{"allow":["GET"]}}],"collection":[{"href":"https:\/\/morgadodeoutiz.pt\/index.php?rest_route=\/wp\/v2\/pages"}],"about":[{"href":"https:\/\/morgadodeoutiz.pt\/index.php?rest_route=\/wp\/v2\/types\/page"}],"author":[{"embeddable":true,"href":"https:\/\/morgadodeoutiz.pt\/index.php?rest_route=\/wp\/v2\/users\/1"}],"replies":[{"embeddable":true,"href":"https:\/\/morgadodeoutiz.pt\/index.php?rest_route=%2Fwp%2Fv2%2Fcomments&post=432"}],"version-history":[{"count":7,"href":"https:\/\/morgadodeoutiz.pt\/index.php?rest_route=\/wp\/v2\/pages\/432\/revisions"}],"predecessor-version":[{"id":440,"href":"https:\/\/morgadodeoutiz.pt\/index.php?rest_route=\/wp\/v2\/pages\/432\/revisions\/440"}],"wp:attachment":[{"href":"https:\/\/morgadodeoutiz.pt\/index.php?rest_route=%2Fwp%2Fv2%2Fmedia&parent=432"}],"curies":[{"name":"wp","href":"https:\/\/api.w.org\/{rel}","templated":true}]}}